{"id":48832,"date":"2025-12-14T11:00:10","date_gmt":"2025-12-14T11:00:10","guid":{"rendered":"https:\/\/sfero.es\/?page_id=48832"},"modified":"2026-02-03T09:39:39","modified_gmt":"2026-02-03T09:39:39","slug":"contactos","status":"publish","type":"page","link":"https:\/\/sfero.es\/es\/contactos\/","title":{"rendered":"Contactos"},"content":{"rendered":"\t\t<div data-elementor-type=\"wp-page\" data-elementor-id=\"48832\" class=\"elementor elementor-48832 elementor-45753\" data-elementor-post-type=\"page\">\n\t\t\t\t<div class=\"elementor-element elementor-element-010aa5b e-con-full e-flex e-con e-parent\" data-id=\"010aa5b\" data-element_type=\"container\" data-settings=\"{&quot;background_background&quot;:&quot;classic&quot;}\">\n\t\t\t\t<div class=\"elementor-element elementor-element-01eaeb1 elementor-widget elementor-widget-html\" data-id=\"01eaeb1\" data-element_type=\"widget\" data-widget_type=\"html.default\">\n\t\t\t\t\t<section class=\"hero-contacts\">\n  <div class=\"hero-contacts__inner\">\n    <div class=\"hero-contacts__left\">\n\n      <h1 class=\"hero-contacts__title\">\n        ESTAMOS CERCA, PARA QUE<br>\n        SE SIENTA TRANQUILO EN<br>\n        CADA ETAPA DE LA OPERACI\u00d3N\n      <\/h1>\n\n      <p class=\"hero-contacts__text\">\n        LOS INMUEBLES NO SON SOLO COMPRAR O VENDER<br>\n        <strong>ES SU HISTORIA<\/strong><br>\n        Y SABEMOS C\u00d3MO EMPEZARLA BIEN\n      <\/p>\n    <\/div>\n\n    <div class=\"hero-contacts__right\">\n      <div class=\"hero-contacts__note\">\n        P\u00f3ngase en contacto con nosotros de la forma que le resulte m\u00e1s c\u00f3moda \u2014\n        responderemos r\u00e1pido y al grano\n      <\/div>\n\n      <div class=\"hero-contacts__actions\">\n        <a class=\"hero-contacts__btn hero-contacts__btn--primary\" id=\"consult-popup\">\n          Obtener asesor\u00eda\n        <\/a>\n        <a class=\"hero-contacts__btn hero-contacts__btn--ghost\" href=\"https:\/\/wa.me\/34664028780\" target=\"_blank\" rel=\"noopener\">\n          Escribir por WhatsApp\n        <\/a>\n      <\/div>\n    <\/div>\n  <\/div>\n<\/section>\n\t\t\t\t<\/div>\n\t\t\t\t<\/div>\n\t\t<div class=\"elementor-element elementor-element-0b12e8a mb-90 e-flex e-con-boxed e-con e-parent\" data-id=\"0b12e8a\" data-element_type=\"container\" data-settings=\"{&quot;background_background&quot;:&quot;classic&quot;}\">\n\t\t\t\t\t<div class=\"e-con-inner\">\n\t\t\t\t<div class=\"elementor-element elementor-element-4ee962a elementor-widget elementor-widget-html\" data-id=\"4ee962a\" data-element_type=\"widget\" data-widget_type=\"html.default\">\n\t\t\t\t\t<section class=\"office\">\n  <div class=\"office__inner\">\n    <h2 class=\"office__title\">DIRECCI\u00d3N Y HORARIO<\/h2>\n\n    <div class=\"office__grid\">\n      <!-- LEFT -->\n      <div class=\"office__left\">\n        <div class=\"office__lead\">Oficina de SFERO Real Estate \u2014 Valencia<\/div>\n        <div class=\"office__sub\">Atendemos con cita previa para dedicar<br>la m\u00e1xima atenci\u00f3n a cada cliente<\/div>\n\n        <div class=\"office__info\">\n          <div class=\"office__place\"><strong>Valencia, Comunidad Valenciana<\/strong><\/div>\n          <div class=\"office__line\">Lun\u2013Vie: 10:00\u201319:00<\/div>\n          <div class=\"office__line\">S\u00e1bado \u2014 con cita previa<\/div>\n          <div class=\"office__line\">Domingo \u2014 cerrado<\/div>\n        <\/div>\n      <\/div>\n\n      <!-- RIGHT -->\n      <div class=\"office__right\">\n        <a class=\"office__cta\" id=\"consult-popup\">\n          <span>Reservar una reuni\u00f3n<\/span>\n          <span class=\"office__cta-arrow\" aria-hidden=\"true\">\u2192<\/span>\n        <\/a>\n\n        <div class=\"office__photo\" aria-label=\"Office photo\">\n          <img decoding=\"async\" src=\"\/wp-content\/uploads\/2025\/12\/contacts.webp\" alt=\"Oficina de SFERO Real Estate\" loading=\"lazy\">\n        <\/div>\n      <\/div>\n    <\/div>\n  <\/div>\n<\/section>\n\t\t\t\t<\/div>\n\t\t\t\t<div class=\"elementor-element elementor-element-d178702 elementor-widget elementor-widget-html\" data-id=\"d178702\" data-element_type=\"widget\" data-widget_type=\"html.default\">\n\t\t\t\t\t<section class=\"commstage\">\n  <div class=\"commstage__inner\">\n    <h2 class=\"commstage__title\">\n      POR QU\u00c9 LOS CLIENTES NOS ELIGEN<br>\n      INCLUSO DESDE LA PRIMERA CONVERSACI\u00d3N\n    <\/h2>\n\n    <div class=\"commstage__checks\">\n      <div class=\"commstage__check\">Respondemos r\u00e1pido<\/div>\n      <div class=\"commstage__check\">Resolvemos, no generamos m\u00e1s preguntas<\/div>\n    <\/div>\n\n    <div class=\"commstage__content\">\n      <div class=\"commstage__lead\">Cada consulta tuya queda registrada en nuestro sistema:<\/div>\n\n      <ul class=\"commstage__list\">\n        <li>asignamos un gestor responsable<\/li>\n        <li>controlamos los plazos<\/li>\n        <li>volvemos con una soluci\u00f3n lista, no con un \u201clo confirmaremos\u201d<\/li>\n        <li>mantenemos la comunicaci\u00f3n en RU \u2022 UA \u2022 EN \u2022 ES<\/li>\n      <\/ul>\n    <\/div>\n\n    <div class=\"commstage__note\">\n      Es tu <span class=\"commstage__pill\">acceso al equipo<\/span> que resuelve<br>\n      tr\u00e1mites en Espa\u00f1a <span>m\u00e1s r\u00e1pido<\/span> de lo que tardas en abrir Idealista\n    <\/div>\n  <\/div>\n<\/section>\n\t\t\t\t<\/div>\n\t\t\t\t\t<\/div>\n\t\t\t\t<\/div>\n\t\t\t\t<\/div>\n\t\t","protected":false},"excerpt":{"rendered":"<p>ESTAMOS CERCA, PARA QUE SE SIENTA TRANQUILO EN CADA ETAPA DE LA OPERACI\u00d3N LOS INMUEBLES NO SON SOLO COMPRAR O VENDER ES SU HISTORIA Y SABEMOS C\u00d3MO EMPEZARLA BIEN P\u00f3ngase en contacto con nosotros de la forma que le resulte m\u00e1s c\u00f3moda \u2014 responderemos r\u00e1pido y al grano Obtener asesor\u00eda Escribir por WhatsApp DIRECCI\u00d3N Y [&hellip;]<\/p>\n","protected":false},"author":1,"featured_media":0,"parent":0,"menu_order":0,"comment_status":"closed","ping_status":"closed","template":"elementor_header_footer","meta":{"footnotes":""},"class_list":["post-48832","page","type-page","status-publish","hentry"],"aioseo_notices":[],"_links":{"self":[{"href":"https:\/\/sfero.es\/es\/wp-json\/wp\/v2\/pages\/48832","targetHints":{"allow":["GET"]}}],"collection":[{"href":"https:\/\/sfero.es\/es\/wp-json\/wp\/v2\/pages"}],"about":[{"href":"https:\/\/sfero.es\/es\/wp-json\/wp\/v2\/types\/page"}],"author":[{"embeddable":true,"href":"https:\/\/sfero.es\/es\/wp-json\/wp\/v2\/users\/1"}],"replies":[{"embeddable":true,"href":"https:\/\/sfero.es\/es\/wp-json\/wp\/v2\/comments?post=48832"}],"version-history":[{"count":16,"href":"https:\/\/sfero.es\/es\/wp-json\/wp\/v2\/pages\/48832\/revisions"}],"predecessor-version":[{"id":49129,"href":"https:\/\/sfero.es\/es\/wp-json\/wp\/v2\/pages\/48832\/revisions\/49129"}],"wp:attachment":[{"href":"https:\/\/sfero.es\/es\/wp-json\/wp\/v2\/media?parent=48832"}],"curies":[{"name":"wp","href":"https:\/\/api.w.org\/{rel}","templated":true}]}}