{"id":48862,"date":"2026-01-17T16:15:43","date_gmt":"2026-01-17T16:15:43","guid":{"rendered":"https:\/\/sfero.es\/?page_id=48862"},"modified":"2026-02-01T16:58:22","modified_gmt":"2026-02-01T16:58:22","slug":"blog-sfero","status":"publish","type":"page","link":"https:\/\/sfero.es\/es\/blog-sfero\/","title":{"rendered":"Blog"},"content":{"rendered":"\t\t<div data-elementor-type=\"wp-page\" data-elementor-id=\"48862\" class=\"elementor elementor-48862 elementor-47611\" data-elementor-post-type=\"page\">\n\t\t\t\t<div class=\"elementor-element elementor-element-cc0e622 e-con-full e-flex e-con e-parent\" data-id=\"cc0e622\" data-element_type=\"container\" data-settings=\"{&quot;background_background&quot;:&quot;classic&quot;}\">\n\t\t\t\t<div class=\"elementor-element elementor-element-a484bf6 elementor-widget elementor-widget-html\" data-id=\"a484bf6\" data-element_type=\"widget\" data-widget_type=\"html.default\">\n\t\t\t\t\t<section class=\"blog-hero\" aria-labelledby=\"blogHeroTitle\">\n\n  <div class=\"blog-hero__inner\">\n    <p class=\"blog-hero__kicker\">BLOG<\/p>\n\n    <h1 class=\"blog-hero__title\" id=\"blogHeroTitle\">\n      <span class=\"blog-hero__brand\">SFERO REAL ESTATE<\/span>\n    <\/h1>\n\n    <p class=\"blog-hero__sub\">\n      <span class=\"blog-hero__subLine\">\n        <span class=\"blog-hero__subChip\">Historias de vida<svg width=\"283\" height=\"57\" viewBox=\"0 0 283 57\" fill=\"none\" xmlns=\"http:\/\/www.w3.org\/2000\/svg\">\n<path d=\"M149.525 6.60417C141.038 6.60417 110.412 6.60417 74.7664 9.27729C40.6591 11.835 5.82512 22.6422 1.94026 28.8792C0.72461 30.8308 0.148725 32.2266 0.72486 34.2251C1.97835 38.5734 11.5306 43.8716 28.012 47.6282C36.0649 49.4637 54.5536 53.2527 71.2976 54.2725C88.0415 55.2923 104.116 56.5 130.817 56.5C169.93 56.5 198.117 55.8916 214.374 54.2725C254.851 50.2414 272.885 45.29 278.766 40.0166C284.647 34.7432 284.975 27.0972 269.413 18.1872C253.851 9.27729 224.586 4.19137 205.879 2.85488C179.687 0.98355 151.024 0.174219 137.42 0.619728M137.42 0.619728C120.704 1.16713 122.965 1.06523 137.42 0.619728Z\" stroke=\"#D8C39A\" stroke-linecap=\"round\"\/>\n<\/svg>\n<\/span> en Espa\u00f1a, an\u00e1lisis del mercado y una mirada honesta al sector inmobiliario de Valencia y la Costa Blanca\n      <\/span>\n    <\/p>\n  <\/div>\n<\/section>\n\t\t\t\t<\/div>\n\t\t\t\t<\/div>\n\t\t<div class=\"elementor-element elementor-element-45bb733 e-flex e-con-boxed e-con e-parent\" data-id=\"45bb733\" data-element_type=\"container\" data-settings=\"{&quot;background_background&quot;:&quot;classic&quot;}\">\n\t\t\t\t\t<div class=\"e-con-inner\">\n\t\t\t\t<div class=\"elementor-element elementor-element-e98f7e0 elementor-widget elementor-widget-html\" data-id=\"e98f7e0\" data-element_type=\"widget\" data-widget_type=\"html.default\">\n\t\t\t\t\t<section class=\"blog-intro\" aria-label=\"Descripci\u00f3n del blog\">\n  <div class=\"blog-intro__inner\">\n    <div class=\"blog-intro__left\">\n      <p class=\"blog-intro__text\">\n        <span class=\"blog-intro__gold blog-intro__strong\">COMPARTIMOS EXPERIENCIA, OBSERVACIONES<br>Y RECOMENDACIONES PR\u00c1CTICAS \u2014<\/span><br>\n        <span class=\"blog-intro__white\">sobre barrios, propiedades, inversiones y transacciones.<\/span><br>\n        <span class=\"blog-intro__white\">Todo lo que te ayuda a <\/span><span class=\"blog-intro__gold\">comprar, invertir y vivir<\/span><br>\n        <span class=\"blog-intro__white\">en Espa\u00f1a de forma consciente y con comodidad<\/span>\n      <\/p>\n    <\/div>\n\n    <div class=\"blog-intro__right\">\n      <a class=\"blog-intro__link\" href=\"\/es\/blog\/\">\n        Leer todos los art\u00edculos <span class=\"blog-intro__arrow\" aria-hidden=\"true\">\u2192<\/span>\n      <\/a>\n    <\/div>\n  <\/div>\n<\/section>\n\t\t\t\t<\/div>\n\t\t\t\t\t<\/div>\n\t\t\t\t<\/div>\n\t\t<div class=\"elementor-element elementor-element-a90e4cb mb-90 e-flex e-con-boxed e-con e-parent\" data-id=\"a90e4cb\" data-element_type=\"container\" data-settings=\"{&quot;background_background&quot;:&quot;classic&quot;}\">\n\t\t\t\t\t<div class=\"e-con-inner\">\n\t\t\t\t<div class=\"elementor-element elementor-element-2917ff2 elementor-widget elementor-widget-houzez_elementor_blog_posts_v2\" data-id=\"2917ff2\" data-element_type=\"widget\" data-widget_type=\"houzez_elementor_blog_posts_v2.default\">\n\t\t\t\t<div class=\"elementor-widget-container\">\n\t\t\t\t\t\n<div class=\"blog-posts-module blog-posts-module-v3\">\n    <div class=\"blog-v3-grid blog-v3-grid--featured\"><div id=\"post-50918\" class=\"blog-post-item blog-post-item-v3 mb-3 post-50918 post type-post status-publish format-standard has-post-thumbnail hentry category-inmobiliaria-en-espana\">\n\t\t<div class=\"blog-post-thumb\">\n\t\t<a href=\"https:\/\/sfero.es\/es\/inmobiliaria-en-espana\/obra-nueva-o-vivienda-de-segunda-mano-en-espana-que-conviene-mas-al-comprador\/\" class=\"hover-effect image-wrap\">\n\t\t\t<img fetchpriority=\"high\" decoding=\"async\" width=\"1384\" height=\"1040\" src=\"https:\/\/sfero.es\/wp-content\/uploads\/2026\/03\/Townhouse_Sfero_Real_Estate6.jpg\" class=\"img-fluid wp-post-image\" alt=\"\" srcset=\"https:\/\/sfero.es\/wp-content\/uploads\/2026\/03\/Townhouse_Sfero_Real_Estate6.jpg 1384w, https:\/\/sfero.es\/wp-content\/uploads\/2026\/03\/Townhouse_Sfero_Real_Estate6-584x438.jpg 584w\" sizes=\"(max-width: 1384px) 100vw, 1384px\" \/>\t\t<\/a>\n\t<\/div><!-- blog-post-thumb -->\n\t\n\t<div class=\"blog-post-content-wrap p-4\">\n\t\t<div class=\"blog-post-meta\">\n\t\t\t<ul class=\"list-inline\">\n\t\t\t\t\n\t\t\t\t\t\t\t<\/ul>\n\t\t<\/div><!-- blog-post-meta -->\n\t\t<div class=\"blog-post-title\">\n\t\t\t<h3><a href=\"https:\/\/sfero.es\/es\/inmobiliaria-en-espana\/obra-nueva-o-vivienda-de-segunda-mano-en-espana-que-conviene-mas-al-comprador\/\">Obra nueva o vivienda de segunda mano en Espa\u00f1a: qu\u00e9 conviene m\u00e1s al comprador<\/a><\/h3>\n\t\t<\/div><!-- blog-post-title -->\n\t\t<div class=\"blog-post-body\">\n\t\t\tUna de las preguntas m\u00e1s frecuentes entre los compradores de vivienda en Espa\u00f1a es si resulta mejor elegir una propiedad de obra nueva o una. <a class=\"continue-reading\" href=\"https:\/\/sfero.es\/es\/inmobiliaria-en-espana\/obra-nueva-o-vivienda-de-segunda-mano-en-espana-que-conviene-mas-al-comprador\/\">Continue reading <i class=\"fa fa-angle-double-right\"><\/i><\/a>\t\t<\/div><!-- blog-post-body -->\n<div class=\"blog-post-cta\">\n  <a class=\"read-article-btn\" href=\"https:\/\/sfero.es\/es\/inmobiliaria-en-espana\/obra-nueva-o-vivienda-de-segunda-mano-en-espana-que-conviene-mas-al-comprador\/\">\n    Leer m\u00e1s <span aria-hidden=\"true\">\u2192<\/span>\n  <\/a>\n<\/div>\n\n\t<\/div><!-- blog-post-content-wrap -->\n<\/div><!-- blog-post-item -->\n<div id=\"post-50904\" class=\"blog-post-item blog-post-item-v3 d-flex align-items-stretch mb-3 post-50904 post type-post status-publish format-standard has-post-thumbnail hentry category-inmobiliaria-en-espana\">\n\t\t<div class=\"blog-post-thumb d-flex align-items-center h-100\">\n\t\t<a href=\"https:\/\/sfero.es\/es\/inmobiliaria-en-espana\/las-mejores-zonas-de-la-costa-blanca-para-vivir-e-invertir-en-propiedad\/\" class=\"hover-effect image-wrap\">\n\t\t\t<img decoding=\"async\" width=\"1384\" height=\"1040\" src=\"https:\/\/sfero.es\/wp-content\/uploads\/2026\/03\/Penthouses_Sfero_Real_Estate6.jpg\" class=\"img-fluid wp-post-image\" alt=\"\" srcset=\"https:\/\/sfero.es\/wp-content\/uploads\/2026\/03\/Penthouses_Sfero_Real_Estate6.jpg 1384w, https:\/\/sfero.es\/wp-content\/uploads\/2026\/03\/Penthouses_Sfero_Real_Estate6-584x438.jpg 584w\" sizes=\"(max-width: 1384px) 100vw, 1384px\" \/>\t\t<\/a>\n\t<\/div><!-- blog-post-thumb -->\n\t\n\t<div class=\"blog-post-content-wrap d-flex flex-column justify-content-center p-4\">\n\t\t<div class=\"blog-post-title\">\n\t\t\t<h3 class=\"mb-1\"><a href=\"https:\/\/sfero.es\/es\/inmobiliaria-en-espana\/las-mejores-zonas-de-la-costa-blanca-para-vivir-e-invertir-en-propiedad\/\">Las mejores zonas de la Costa Blanca para vivir e invertir en propiedad<\/a><\/h3>\n\t\t<\/div><!-- blog-post-title -->\n\t\t<div class=\"blog-post-meta small\">\n\t\t\t<ul class=\"list-inline d-flex align-items-center mb-1\">\n\t\t\t\t\n\t\t\t\t\t\t\t<\/ul>\n\t\t<\/div><!-- blog-post-meta -->\n\t\t<div class=\"blog-post-body mb-1\">\n\t\t\tLa Costa Blanca lleva a\u00f1os siendo una de las regiones m\u00e1s demandadas de Espa\u00f1a por compradores...\t\t<\/div><!-- blog-post-body -->\n\t<div class=\"blog-post-cta\">\n  <a class=\"read-article-btn\" href=\"https:\/\/sfero.es\/es\/inmobiliaria-en-espana\/las-mejores-zonas-de-la-costa-blanca-para-vivir-e-invertir-en-propiedad\/\">\n    Leer m\u00e1s <span aria-hidden=\"true\">\u2192<\/span>\n  <\/a>\n<\/div>\n\n\t<\/div><!-- blog-post-content-wrap -->\n<\/div><!-- blog-post-item -->\n<div id=\"post-50893\" class=\"blog-post-item blog-post-item-v3 d-flex align-items-stretch mb-3 post-50893 post type-post status-publish format-standard has-post-thumbnail hentry category-inmobiliaria-en-espana\">\n\t\t<div class=\"blog-post-thumb d-flex align-items-center h-100\">\n\t\t<a href=\"https:\/\/sfero.es\/es\/inmobiliaria-en-espana\/como-comprar-una-propiedad-en-espana-siendo-extranjero-guia-paso-a-paso\/\" class=\"hover-effect image-wrap\">\n\t\t\t<img decoding=\"async\" width=\"1384\" height=\"1040\" src=\"https:\/\/sfero.es\/wp-content\/uploads\/2026\/03\/Detached-Villas_Sfero_Real_Estate2.jpg\" class=\"img-fluid wp-post-image\" alt=\"\" srcset=\"https:\/\/sfero.es\/wp-content\/uploads\/2026\/03\/Detached-Villas_Sfero_Real_Estate2.jpg 1384w, https:\/\/sfero.es\/wp-content\/uploads\/2026\/03\/Detached-Villas_Sfero_Real_Estate2-584x438.jpg 584w\" sizes=\"(max-width: 1384px) 100vw, 1384px\" \/>\t\t<\/a>\n\t<\/div><!-- blog-post-thumb -->\n\t\n\t<div class=\"blog-post-content-wrap d-flex flex-column justify-content-center p-4\">\n\t\t<div class=\"blog-post-title\">\n\t\t\t<h3 class=\"mb-1\"><a href=\"https:\/\/sfero.es\/es\/inmobiliaria-en-espana\/como-comprar-una-propiedad-en-espana-siendo-extranjero-guia-paso-a-paso\/\">C\u00f3mo comprar una propiedad en Espa\u00f1a siendo extranjero: gu\u00eda paso a paso<\/a><\/h3>\n\t\t<\/div><!-- blog-post-title -->\n\t\t<div class=\"blog-post-meta small\">\n\t\t\t<ul class=\"list-inline d-flex align-items-center mb-1\">\n\t\t\t\t\n\t\t\t\t\t\t\t<\/ul>\n\t\t<\/div><!-- blog-post-meta -->\n\t\t<div class=\"blog-post-body mb-1\">\n\t\t\tComprar una propiedad en Espa\u00f1a sigue siendo una de las decisiones m\u00e1s atractivas para...\t\t<\/div><!-- blog-post-body -->\n\t<div class=\"blog-post-cta\">\n  <a class=\"read-article-btn\" href=\"https:\/\/sfero.es\/es\/inmobiliaria-en-espana\/como-comprar-una-propiedad-en-espana-siendo-extranjero-guia-paso-a-paso\/\">\n    Leer m\u00e1s <span aria-hidden=\"true\">\u2192<\/span>\n  <\/a>\n<\/div>\n\n\t<\/div><!-- blog-post-content-wrap -->\n<\/div><!-- blog-post-item -->\n<\/div><\/div>\n\n\n        \t\t\t\t<\/div>\n\t\t\t\t<\/div>\n\t\t\t\t\t<\/div>\n\t\t\t\t<\/div>\n\t\t\t\t<\/div>\n\t\t","protected":false},"excerpt":{"rendered":"<p>BLOG SFERO REAL ESTATE Historias de vida en Espa\u00f1a, an\u00e1lisis del mercado y una mirada honesta al sector inmobiliario de Valencia y la Costa Blanca COMPARTIMOS EXPERIENCIA, OBSERVACIONESY RECOMENDACIONES PR\u00c1CTICAS \u2014 sobre barrios, propiedades, inversiones y transacciones. Todo lo que te ayuda a comprar, invertir y vivir en Espa\u00f1a de forma consciente y con comodidad [&hellip;]<\/p>\n","protected":false},"author":1,"featured_media":0,"parent":0,"menu_order":0,"comment_status":"closed","ping_status":"closed","template":"elementor_header_footer","meta":{"footnotes":""},"class_list":["post-48862","page","type-page","status-publish","hentry"],"aioseo_notices":[],"_links":{"self":[{"href":"https:\/\/sfero.es\/es\/wp-json\/wp\/v2\/pages\/48862","targetHints":{"allow":["GET"]}}],"collection":[{"href":"https:\/\/sfero.es\/es\/wp-json\/wp\/v2\/pages"}],"about":[{"href":"https:\/\/sfero.es\/es\/wp-json\/wp\/v2\/types\/page"}],"author":[{"embeddable":true,"href":"https:\/\/sfero.es\/es\/wp-json\/wp\/v2\/users\/1"}],"replies":[{"embeddable":true,"href":"https:\/\/sfero.es\/es\/wp-json\/wp\/v2\/comments?post=48862"}],"version-history":[{"count":4,"href":"https:\/\/sfero.es\/es\/wp-json\/wp\/v2\/pages\/48862\/revisions"}],"predecessor-version":[{"id":48869,"href":"https:\/\/sfero.es\/es\/wp-json\/wp\/v2\/pages\/48862\/revisions\/48869"}],"wp:attachment":[{"href":"https:\/\/sfero.es\/es\/wp-json\/wp\/v2\/media?parent=48862"}],"curies":[{"name":"wp","href":"https:\/\/api.w.org\/{rel}","templated":true}]}}